{"id":1148,"date":"2020-12-04T12:16:41","date_gmt":"2020-12-04T12:16:41","guid":{"rendered":"https:\/\/notariaquintanillamontero.com\/politica-privacidad\/"},"modified":"2022-10-13T10:29:55","modified_gmt":"2022-10-13T10:29:55","slug":"privacy-policy","status":"publish","type":"page","link":"https:\/\/notariaquintanillamontero.com\/en\/privacy-policy\/","title":{"rendered":"Privacy Policy"},"content":{"rendered":"<p>[et_pb_section fb_built=&#8221;1&#8243; _builder_version=&#8221;4.16&#8243; global_colors_info=&#8221;{}&#8221;][et_pb_row column_structure=&#8221;1_5,3_5,1_5&#8243; _builder_version=&#8221;4.16&#8243; background_size=&#8221;initial&#8221; background_position=&#8221;top_left&#8221; background_repeat=&#8221;repeat&#8221; global_colors_info=&#8221;{}&#8221;][et_pb_column type=&#8221;1_5&#8243; _builder_version=&#8221;4.16&#8243; custom_padding=&#8221;|||&#8221; global_colors_info=&#8221;{}&#8221; custom_padding__hover=&#8221;|||&#8221;][\/et_pb_column][et_pb_column type=&#8221;3_5&#8243; _builder_version=&#8221;4.16&#8243; custom_padding=&#8221;|||&#8221; global_colors_info=&#8221;{}&#8221; custom_padding__hover=&#8221;|||&#8221;][et_pb_text _builder_version=&#8221;4.18.0&#8243; text_font=&#8221;Arial||||||||&#8221; text_font_size=&#8221;16px&#8221; background_size=&#8221;initial&#8221; background_position=&#8221;top_left&#8221; background_repeat=&#8221;repeat&#8221; hover_enabled=&#8221;0&#8243; global_colors_info=&#8221;{}&#8221; sticky_enabled=&#8221;0&#8243;]<\/p>\n<h2 style=\"text-align: left;\">Data Protection Policy<\/h2>\n<p>&nbsp;<\/p>\n<p style=\"text-align: left;\">The personal data provided through this website will be processed by the Notary Office of Ms. Josefina Quintanilla Montero, with NIF 44381542Y, whose contact details are as follows:<\/p>\n<p>\u2022 Address: Pal St. 11, 1\u00ba 03501 Benidorm Alicante.<br \/>\u2022 Telephone: 966 820 257.<br \/>\u2022 Email: jquintanilla(at)notariado.org.<br \/>\u2022 The Notary&#8217;s Data Protection Officer is Pic\u00f3n Y Asociados Abogados (dpd-notarios@piconyasociados.es)<\/p>\n<p style=\"text-align: left;\">The purpose of data processing is to be able to contact the sender of the information, respond to your request or query and follow up later. The data will be processed on the legal basis of the consent of the person who provides them. Said consent can be withdrawn at any time, although this will not affect the legality of the treatments carried out previously. The fact of providing the data is voluntary, although, in case of not doing so, it will not be possible to respond to the request, query or claim. Therefore, the communication of your personal data for these purposes is a necessary requirement so that we can attend to the requests made in this way.<\/p>\n<p style=\"text-align: left;\">The data will be kept for the time necessary to respond to your request, petition, query or claim and consider it definitively closed. Subsequently, they will be kept as a communication history, unless you request their deletion.<\/p>\n<p style=\"text-align: left;\">The DPD performs, mainly, the functions of informing, supervising and advising this Notary on the obligations of personal data protection. In addition, the DPD acts as a point of contact with the interested parties for any question related to the processing of their data at the Notary.<\/p>\n<p style=\"text-align: left;\">The owner of the data has the right to request access to them, their rectification or deletion, as well as the limitation of their treatment, to oppose it and the portability of their data, in the cases provided for in the General Data Protection Regulation. Data. Faced with any fact that is considered a violation of their rights, they can file a claim with the Spanish Agency for Data Protection, whose contact details can be found at <a href=\"http:\/\/www.aepd.es\" target=\"_blank\" rel=\"noopener\">www.aepd.es<\/a>.<\/p>\n<p style=\"text-align: left;\">If third-party data is provided, whoever does so assumes the responsibility of informing them in advance of the provisions of article 14 of the General Data Protection Regulation.<\/p>\n<p style=\"text-align: left;\">The user is responsible for the information that he provides through this website to be true. For these purposes, he is responsible for the veracity of all the data that he communicates and will keep the information provided conveniently updated, in such a way that it responds to his real situation. The user will be responsible for the false or inaccurate information provided and for the damages that this causes to the Notary or to third parties.<\/p>\n<p style=\"text-align: left;\">This Notary Public guarantees the security and confidentiality of the personal data provided to it. To this end, it has implemented the security measures of a technical and organizational nature that are necessary to prevent its alteration, loss, treatment or unauthorized access, in accordance with the provisions of the applicable regulations.<\/p>\n<p>[\/et_pb_text][\/et_pb_column][et_pb_column type=&#8221;1_5&#8243; _builder_version=&#8221;4.16&#8243; custom_padding=&#8221;|||&#8221; global_colors_info=&#8221;{}&#8221; custom_padding__hover=&#8221;|||&#8221;][\/et_pb_column][\/et_pb_row][\/et_pb_section]<\/p>\n","protected":false},"excerpt":{"rendered":"<p>Data Protection Policy &nbsp; The personal data provided through this website will be processed by the Notary Office of Ms. Josefina Quintanilla Montero, with NIF 44381542Y, whose contact details are as follows: \u2022 Address: Pal St. 11, 1\u00ba 03501 Benidorm Alicante.\u2022 Telephone: 966 820 257.\u2022 Email: jquintanilla(at)notariado.org.\u2022 The Notary&#8217;s Data Protection Officer is Pic\u00f3n Y [&hellip;]<\/p>\n","protected":false},"author":1,"featured_media":0,"parent":0,"menu_order":0,"comment_status":"closed","ping_status":"closed","template":"","meta":{"_et_pb_use_builder":"on","_et_pb_old_content":"<!-- wp:heading -->\r\n<h2>Qui\u00e9nes somos<\/h2>\r\n<!-- \/wp:heading -->\r\n\r\n<!-- wp:paragraph -->\r\n<p>La direcci\u00f3n de nuestra web es: https:\/\/notariaquintanillamontero.com.<\/p>\r\n<!-- \/wp:paragraph -->\r\n\r\n<!-- wp:heading -->\r\n<h2>Qu\u00e9 datos personales recogemos y por qu\u00e9 los recogemos<\/h2>\r\n<!-- \/wp:heading -->\r\n\r\n<!-- wp:heading {\"level\":3} -->\r\n<h3>Comentarios<\/h3>\r\n<!-- \/wp:heading -->\r\n\r\n<!-- wp:paragraph -->\r\n<p>Cuando los visitantes dejan comentarios en la web, recopilamos los datos que se muestran en el formulario de comentarios, as\u00ed como la direcci\u00f3n IP del visitante y la cadena de agentes de usuario del navegador para ayudar a la detecci\u00f3n de spam.<\/p>\r\n<!-- \/wp:paragraph -->\r\n\r\n<!-- wp:paragraph -->\r\n<p>Una cadena an\u00f3nima creada a partir de tu direcci\u00f3n de correo electr\u00f3nico (tambi\u00e9n llamada hash) puede ser proporcionada al servicio de Gravatar para ver si la est\u00e1s usando. La pol\u00edtica de privacidad del servicio Gravatar est\u00e1 disponible aqu\u00ed: https:\/\/automattic.com\/privacy\/. Despu\u00e9s de la aprobaci\u00f3n de tu comentario, la imagen de tu perfil es visible para el p\u00fablico en el contexto de tu comentario.<\/p>\r\n<!-- \/wp:paragraph -->\r\n\r\n<!-- wp:heading {\"level\":3} -->\r\n<h3>Medios<\/h3>\r\n<!-- \/wp:heading -->\r\n\r\n<!-- wp:paragraph -->\r\n<p>Si subes im\u00e1genes a la web, deber\u00edas evitar subir im\u00e1genes con datos de ubicaci\u00f3n (GPS EXIF) incluidos. Los visitantes de la web pueden descargar y extraer cualquier dato de ubicaci\u00f3n de las im\u00e1genes de la web.<\/p>\r\n<!-- \/wp:paragraph -->\r\n\r\n<!-- wp:heading {\"level\":3} -->\r\n<h3>Formularios de contacto<\/h3>\r\n<!-- \/wp:heading -->\r\n\r\n<!-- wp:heading {\"level\":3} -->\r\n<h3>Cookies<\/h3>\r\n<!-- \/wp:heading -->\r\n\r\n<!-- wp:paragraph -->\r\n<p>Si dejas un comentario en nuestro sitio puedes elegir guardar tu nombre, direcci\u00f3n de correo electr\u00f3nico y web en cookies. Esto es para tu comodidad, para que no tengas que volver a rellenar tus datos cuando dejes otro comentario. Estas cookies tendr\u00e1n una duraci\u00f3n de un a\u00f1o.<\/p>\r\n<!-- \/wp:paragraph -->\r\n\r\n<!-- wp:paragraph -->\r\n<p>Si tienes una cuenta y te conectas a este sitio, instalaremos una cookie temporal para determinar si tu navegador acepta cookies. Esta cookie no contiene datos personales y se elimina al cerrar el navegador.<\/p>\r\n<!-- \/wp:paragraph -->\r\n\r\n<!-- wp:paragraph -->\r\n<p>Cuando accedas, tambi\u00e9n instalaremos varias cookies para guardar tu informaci\u00f3n de acceso y tus opciones de visualizaci\u00f3n de pantalla. Las cookies de acceso duran dos d\u00edas, y las cookies de opciones de pantalla duran un a\u00f1o. Si seleccionas \u00abRecu\u00e9rdarme\u00bb, tu acceso perdurar\u00e1 durante dos semanas. Si sales de tu cuenta, las cookies de acceso se eliminar\u00e1n.<\/p>\r\n<!-- \/wp:paragraph -->\r\n\r\n<!-- wp:paragraph -->\r\n<p>Si editas o publicas un art\u00edculo se guardar\u00e1 una cookie adicional en tu navegador. Esta cookie no incluye datos personales y simplemente indica el ID del art\u00edculo que acabas de editar. Caduca despu\u00e9s de 1 d\u00eda.<\/p>\r\n<!-- \/wp:paragraph -->\r\n\r\n<!-- wp:heading {\"level\":3} -->\r\n<h3>Contenido incrustado de otros sitios web<\/h3>\r\n<!-- \/wp:heading -->\r\n\r\n<!-- wp:paragraph -->\r\n<p>Los art\u00edculos de este sitio pueden incluir contenido incrustado (por ejemplo, v\u00eddeos, im\u00e1genes, art\u00edculos, etc.). El contenido incrustado de otras webs se comporta exactamente de la misma manera que si el visitante hubiera visitado la otra web.<\/p>\r\n<!-- \/wp:paragraph -->\r\n\r\n<!-- wp:paragraph -->\r\n<p>Estas web pueden recopilar datos sobre ti, utilizar cookies, incrustar un seguimiento adicional de terceros, y supervisar tu interacci\u00f3n con ese contenido incrustado, incluido el seguimiento de tu interacci\u00f3n con el contenido incrustado si tienes una cuenta y est\u00e1s conectado a esa web.<\/p>\r\n<!-- \/wp:paragraph -->\r\n\r\n<!-- wp:heading {\"level\":3} -->\r\n<h3>Anal\u00edtica<\/h3>\r\n<!-- \/wp:heading -->\r\n\r\n<!-- wp:heading -->\r\n<h2>Con qui\u00e9n compartimos tus datos<\/h2>\r\n<!-- \/wp:heading -->\r\n\r\n<!-- wp:heading -->\r\n<h2>Cu\u00e1nto tiempo conservamos tus datos<\/h2>\r\n<!-- \/wp:heading -->\r\n\r\n<!-- wp:paragraph -->\r\n<p>Si dejas un comentario, el comentario y sus metadatos se conservan indefinidamente. Esto es para que podamos reconocer y aprobar comentarios sucesivos autom\u00e1ticamente, en lugar de mantenerlos en una cola de moderaci\u00f3n.<\/p>\r\n<!-- \/wp:paragraph -->\r\n\r\n<!-- wp:paragraph -->\r\n<p>De los usuarios que se registran en nuestra web (si los hay), tambi\u00e9n almacenamos la informaci\u00f3n personal que proporcionan en su perfil de usuario. Todos los usuarios pueden ver, editar o eliminar su informaci\u00f3n personal en cualquier momento (excepto que no pueden cambiar su nombre de usuario). Los administradores de la web tambi\u00e9n pueden ver y editar esa informaci\u00f3n.<\/p>\r\n<!-- \/wp:paragraph -->\r\n\r\n<!-- wp:heading -->\r\n<h2>Qu\u00e9 derechos tienes sobre tus datos<\/h2>\r\n<!-- \/wp:heading -->\r\n\r\n<!-- wp:paragraph -->\r\n<p>Si tienes una cuenta o has dejado comentarios en esta web, puedes solicitar recibir un archivo de exportaci\u00f3n de los datos personales que tenemos sobre ti, incluyendo cualquier dato que nos hayas proporcionado. Tambi\u00e9n puedes solicitar que eliminemos cualquier dato personal que tengamos sobre ti. Esto no incluye ning\u00fan dato que estemos obligados a conservar con fines administrativos, legales o de seguridad.<\/p>\r\n<!-- \/wp:paragraph -->\r\n\r\n<!-- wp:heading -->\r\n<h2>D\u00f3nde enviamos tus datos<\/h2>\r\n<!-- \/wp:heading -->\r\n\r\n<!-- wp:paragraph -->\r\n<p>Los comentarios de los visitantes puede que los revise un servicio de detecci\u00f3n autom\u00e1tica de spam.<\/p>\r\n<!-- \/wp:paragraph -->\r\n\r\n<!-- wp:heading -->\r\n<h2>Tu informaci\u00f3n de contacto<\/h2>\r\n<!-- \/wp:heading -->\r\n\r\n<!-- wp:heading -->\r\n<h2>Informaci\u00f3n adicional<\/h2>\r\n<!-- \/wp:heading -->\r\n\r\n<!-- wp:heading {\"level\":3} -->\r\n<h3>C\u00f3mo protegemos tus datos<\/h3>\r\n<!-- \/wp:heading -->\r\n\r\n<!-- wp:heading {\"level\":3} -->\r\n<h3>Qu\u00e9 procedimientos utilizamos contra las brechas de datos<\/h3>\r\n<!-- \/wp:heading -->\r\n\r\n<!-- wp:heading {\"level\":3} -->\r\n<h3>De qu\u00e9 terceros recibimos datos<\/h3>\r\n<!-- \/wp:heading -->\r\n\r\n<!-- wp:heading {\"level\":3} -->\r\n<h3>Qu\u00e9 tipo de toma de decisiones automatizada y\/o perfilado hacemos con los datos del usuario<\/h3>\r\n<!-- \/wp:heading -->\r\n\r\n<!-- wp:heading {\"level\":3} -->\r\n<h3>Requerimientos regulatorios de revelaci\u00f3n de informaci\u00f3n del sector<\/h3>\r\n<!-- \/wp:heading -->","_et_gb_content_width":"","footnotes":""},"class_list":["post-1148","page","type-page","status-publish","hentry"],"yoast_head":"<!-- This site is optimized with the Yoast SEO plugin v27.1.1 - https:\/\/yoast.com\/product\/yoast-seo-wordpress\/ -->\n<title>Privacy Policy - Notar\u00eda Quintanilla Montero | \ud83d\udcde966820257<\/title>\n<meta name=\"robots\" content=\"noindex, nofollow\" \/>\n<meta property=\"og:locale\" content=\"en_US\" \/>\n<meta property=\"og:type\" content=\"article\" \/>\n<meta property=\"og:title\" content=\"Privacy Policy - Notar\u00eda Quintanilla Montero | \ud83d\udcde966820257\" \/>\n<meta property=\"og:description\" content=\"Data Protection Policy &nbsp; The personal data provided through this website will be processed by the Notary Office of Ms. Josefina Quintanilla Montero, with NIF 44381542Y, whose contact details are as follows: \u2022 Address: Pal St. 11, 1\u00ba 03501 Benidorm Alicante.\u2022 Telephone: 966 820 257.\u2022 Email: jquintanilla(at)notariado.org.\u2022 The Notary&#039;s Data Protection Officer is Pic\u00f3n Y [&hellip;]\" \/>\n<meta property=\"og:url\" content=\"https:\/\/notariaquintanillamontero.com\/en\/privacy-policy\/\" \/>\n<meta property=\"og:site_name\" content=\"Notar\u00eda Quintanilla Montero | \ud83d\udcde966820257\" \/>\n<meta property=\"article:modified_time\" content=\"2022-10-13T10:29:55+00:00\" \/>\n<meta name=\"twitter:card\" content=\"summary_large_image\" \/>\n<meta name=\"twitter:label1\" content=\"Est. reading time\" \/>\n\t<meta name=\"twitter:data1\" content=\"3 minutes\" \/>\n<script type=\"application\/ld+json\" class=\"yoast-schema-graph\">{\"@context\":\"https:\/\/schema.org\",\"@graph\":[{\"@type\":\"WebPage\",\"@id\":\"https:\/\/notariaquintanillamontero.com\/en\/privacy-policy\/\",\"url\":\"https:\/\/notariaquintanillamontero.com\/en\/privacy-policy\/\",\"name\":\"Privacy Policy - Notar\u00eda Quintanilla Montero | \ud83d\udcde966820257\",\"isPartOf\":{\"@id\":\"https:\/\/notariaquintanillamontero.com\/en\/#website\"},\"datePublished\":\"2020-12-04T12:16:41+00:00\",\"dateModified\":\"2022-10-13T10:29:55+00:00\",\"breadcrumb\":{\"@id\":\"https:\/\/notariaquintanillamontero.com\/en\/privacy-policy\/#breadcrumb\"},\"inLanguage\":\"en-US\",\"potentialAction\":[{\"@type\":\"ReadAction\",\"target\":[\"https:\/\/notariaquintanillamontero.com\/en\/privacy-policy\/\"]}]},{\"@type\":\"BreadcrumbList\",\"@id\":\"https:\/\/notariaquintanillamontero.com\/en\/privacy-policy\/#breadcrumb\",\"itemListElement\":[{\"@type\":\"ListItem\",\"position\":1,\"name\":\"Portada\",\"item\":\"https:\/\/notariaquintanillamontero.com\/en\/\"},{\"@type\":\"ListItem\",\"position\":2,\"name\":\"Privacy Policy\"}]},{\"@type\":\"WebSite\",\"@id\":\"https:\/\/notariaquintanillamontero.com\/en\/#website\",\"url\":\"https:\/\/notariaquintanillamontero.com\/en\/\",\"name\":\"Notar\u00eda Quintanilla Montero | \ud83d\udcde966820257\",\"description\":\"Benidorm -Alicante-\",\"publisher\":{\"@id\":\"https:\/\/notariaquintanillamontero.com\/en\/#organization\"},\"potentialAction\":[{\"@type\":\"SearchAction\",\"target\":{\"@type\":\"EntryPoint\",\"urlTemplate\":\"https:\/\/notariaquintanillamontero.com\/en\/?s={search_term_string}\"},\"query-input\":{\"@type\":\"PropertyValueSpecification\",\"valueRequired\":true,\"valueName\":\"search_term_string\"}}],\"inLanguage\":\"en-US\"},{\"@type\":\"Organization\",\"@id\":\"https:\/\/notariaquintanillamontero.com\/en\/#organization\",\"name\":\"Notar\u00eda Quintanilla Montero\",\"url\":\"https:\/\/notariaquintanillamontero.com\/en\/\",\"logo\":{\"@type\":\"ImageObject\",\"inLanguage\":\"en-US\",\"@id\":\"https:\/\/notariaquintanillamontero.com\/en\/#\/schema\/logo\/image\/\",\"url\":\"https:\/\/notariaquintanillamontero.com\/wp-content\/uploads\/2020\/12\/notaria-quintanilla-montero-logo.png\",\"contentUrl\":\"https:\/\/notariaquintanillamontero.com\/wp-content\/uploads\/2020\/12\/notaria-quintanilla-montero-logo.png\",\"width\":600,\"height\":212,\"caption\":\"Notar\u00eda Quintanilla Montero\"},\"image\":{\"@id\":\"https:\/\/notariaquintanillamontero.com\/en\/#\/schema\/logo\/image\/\"}}]}<\/script>\n<!-- \/ Yoast SEO plugin. -->","yoast_head_json":{"title":"Privacy Policy - Notar\u00eda Quintanilla Montero | \ud83d\udcde966820257","robots":{"index":"noindex","follow":"nofollow"},"og_locale":"en_US","og_type":"article","og_title":"Privacy Policy - Notar\u00eda Quintanilla Montero | \ud83d\udcde966820257","og_description":"Data Protection Policy &nbsp; The personal data provided through this website will be processed by the Notary Office of Ms. Josefina Quintanilla Montero, with NIF 44381542Y, whose contact details are as follows: \u2022 Address: Pal St. 11, 1\u00ba 03501 Benidorm Alicante.\u2022 Telephone: 966 820 257.\u2022 Email: jquintanilla(at)notariado.org.\u2022 The Notary's Data Protection Officer is Pic\u00f3n Y [&hellip;]","og_url":"https:\/\/notariaquintanillamontero.com\/en\/privacy-policy\/","og_site_name":"Notar\u00eda Quintanilla Montero | \ud83d\udcde966820257","article_modified_time":"2022-10-13T10:29:55+00:00","twitter_card":"summary_large_image","twitter_misc":{"Est. reading time":"3 minutes"},"schema":{"@context":"https:\/\/schema.org","@graph":[{"@type":"WebPage","@id":"https:\/\/notariaquintanillamontero.com\/en\/privacy-policy\/","url":"https:\/\/notariaquintanillamontero.com\/en\/privacy-policy\/","name":"Privacy Policy - Notar\u00eda Quintanilla Montero | \ud83d\udcde966820257","isPartOf":{"@id":"https:\/\/notariaquintanillamontero.com\/en\/#website"},"datePublished":"2020-12-04T12:16:41+00:00","dateModified":"2022-10-13T10:29:55+00:00","breadcrumb":{"@id":"https:\/\/notariaquintanillamontero.com\/en\/privacy-policy\/#breadcrumb"},"inLanguage":"en-US","potentialAction":[{"@type":"ReadAction","target":["https:\/\/notariaquintanillamontero.com\/en\/privacy-policy\/"]}]},{"@type":"BreadcrumbList","@id":"https:\/\/notariaquintanillamontero.com\/en\/privacy-policy\/#breadcrumb","itemListElement":[{"@type":"ListItem","position":1,"name":"Portada","item":"https:\/\/notariaquintanillamontero.com\/en\/"},{"@type":"ListItem","position":2,"name":"Privacy Policy"}]},{"@type":"WebSite","@id":"https:\/\/notariaquintanillamontero.com\/en\/#website","url":"https:\/\/notariaquintanillamontero.com\/en\/","name":"Notar\u00eda Quintanilla Montero | \ud83d\udcde966820257","description":"Benidorm -Alicante-","publisher":{"@id":"https:\/\/notariaquintanillamontero.com\/en\/#organization"},"potentialAction":[{"@type":"SearchAction","target":{"@type":"EntryPoint","urlTemplate":"https:\/\/notariaquintanillamontero.com\/en\/?s={search_term_string}"},"query-input":{"@type":"PropertyValueSpecification","valueRequired":true,"valueName":"search_term_string"}}],"inLanguage":"en-US"},{"@type":"Organization","@id":"https:\/\/notariaquintanillamontero.com\/en\/#organization","name":"Notar\u00eda Quintanilla Montero","url":"https:\/\/notariaquintanillamontero.com\/en\/","logo":{"@type":"ImageObject","inLanguage":"en-US","@id":"https:\/\/notariaquintanillamontero.com\/en\/#\/schema\/logo\/image\/","url":"https:\/\/notariaquintanillamontero.com\/wp-content\/uploads\/2020\/12\/notaria-quintanilla-montero-logo.png","contentUrl":"https:\/\/notariaquintanillamontero.com\/wp-content\/uploads\/2020\/12\/notaria-quintanilla-montero-logo.png","width":600,"height":212,"caption":"Notar\u00eda Quintanilla Montero"},"image":{"@id":"https:\/\/notariaquintanillamontero.com\/en\/#\/schema\/logo\/image\/"}}]}},"_links":{"self":[{"href":"https:\/\/notariaquintanillamontero.com\/en\/wp-json\/wp\/v2\/pages\/1148","targetHints":{"allow":["GET"]}}],"collection":[{"href":"https:\/\/notariaquintanillamontero.com\/en\/wp-json\/wp\/v2\/pages"}],"about":[{"href":"https:\/\/notariaquintanillamontero.com\/en\/wp-json\/wp\/v2\/types\/page"}],"author":[{"embeddable":true,"href":"https:\/\/notariaquintanillamontero.com\/en\/wp-json\/wp\/v2\/users\/1"}],"replies":[{"embeddable":true,"href":"https:\/\/notariaquintanillamontero.com\/en\/wp-json\/wp\/v2\/comments?post=1148"}],"version-history":[{"count":4,"href":"https:\/\/notariaquintanillamontero.com\/en\/wp-json\/wp\/v2\/pages\/1148\/revisions"}],"predecessor-version":[{"id":1155,"href":"https:\/\/notariaquintanillamontero.com\/en\/wp-json\/wp\/v2\/pages\/1148\/revisions\/1155"}],"wp:attachment":[{"href":"https:\/\/notariaquintanillamontero.com\/en\/wp-json\/wp\/v2\/media?parent=1148"}],"curies":[{"name":"wp","href":"https:\/\/api.w.org\/{rel}","templated":true}]}}